{"id":13,"date":"2014-01-09T22:06:40","date_gmt":"2014-01-09T22:06:40","guid":{"rendered":"http:\/\/samleminen.com\/?page_id=13"},"modified":"2018-03-14T14:47:24","modified_gmt":"2018-03-14T14:47:24","slug":"teollisuus","status":"publish","type":"page","link":"https:\/\/samleminen.fi\/?page_id=13","title":{"rendered":"Teollisuus"},"content":{"rendered":"<div class=\"csRow\">\n<div class=\"csColumn\" style=\"margin: 0px; padding: 0px; float: left; width: 49%;\" data-csstartpoint=\"0\" data-csendpoint=\"470\" data-cswidth=\"49.0%\" data-csid=\"7c3b24ac-3537-b08f-a8f5-fe998d792a15\">\n<p><img loading=\"lazy\" class=\"alignnone size-full wp-image-59\" alt=\"samleminen\" src=\"http:\/\/samleminen.com\/wp-content\/uploads\/2014\/01\/samleminen.jpg\" width=\"305\" height=\"245\" data-mce-selected=\"1\" srcset=\"https:\/\/samleminen.fi\/wp-content\/uploads\/2014\/01\/samleminen.jpg 305w, https:\/\/samleminen.fi\/wp-content\/uploads\/2014\/01\/samleminen-300x241.jpg 300w, https:\/\/samleminen.fi\/wp-content\/uploads\/2014\/01\/samleminen-160x129.jpg 160w\" sizes=\"(max-width: 305px) 100vw, 305px\" \/><\/p>\n<h2>Teollisuus<\/h2>\n<p>Olemme vahvasti mukana kasvavalla kaivosteollisuuden sek\u00e4 tuulivoiman alalla.<\/p>\n<p>T\u00e4ll\u00e4 hetkell\u00e4 yhteisty\u00f6ss\u00e4 mukana: Skanska Infra, Outokumpu, Northern Crown sek\u00e4 JBE Service.<\/p>\n<p>Aiempia yhteisty\u00f6kumppaneita mm. Oil House Finland.<\/p>\n<\/div>\n<div class=\"csColumnGap\" style=\"margin: 0px; padding: 0px; float: left; width: 2.08%;\"><img alt=\"\" src=\"http:\/\/samleminen.com\/wp-content\/plugins\/advanced-wp-columns\/assets\/js\/plugins\/views\/img\/1x1-pixel.png\" \/><\/div>\n<div class=\"csColumn\" style=\"margin: 0px; padding: 0px; float: left; width: 49%;\" data-csstartpoint=\"490\" data-csendpoint=\"960\" data-cswidth=\"49.0%\" data-csid=\"e4838486-79f3-56d0-a08b-3af03f515095\">\n<p><img loading=\"lazy\" class=\"alignnone size-full wp-image-62\" alt=\"teollisuus\" src=\"http:\/\/samleminen.com\/wp-content\/uploads\/2014\/01\/teollisuus.jpg\" width=\"427\" height=\"520\" data-mce-selected=\"1\" srcset=\"https:\/\/samleminen.fi\/wp-content\/uploads\/2014\/01\/teollisuus.jpg 427w, https:\/\/samleminen.fi\/wp-content\/uploads\/2014\/01\/teollisuus-246x300.jpg 246w\" sizes=\"(max-width: 427px) 100vw, 427px\" \/><\/p>\n<\/div>\n<div style=\"clear: both; float: none; display: block; visibility: hidden; width: 0px; font-size: 0px; line-height: 0;\"><\/div>\n<\/div>\n<p>&nbsp;<\/p>\n","protected":false},"excerpt":{"rendered":"<p>Teollisuus Olemme vahvasti mukana kasvavalla kaivosteollisuuden sek\u00e4 tuulivoiman alalla. T\u00e4ll\u00e4 hetkell\u00e4 yhteisty\u00f6ss\u00e4 mukana: Skanska Infra, Outokumpu, Northern Crown sek\u00e4 JBE Service. Aiempia yhteisty\u00f6kumppaneita mm. Oil House Finland. &nbsp;<\/p>\n","protected":false},"author":1,"featured_media":0,"parent":0,"menu_order":10,"comment_status":"closed","ping_status":"open","template":"sivu.php","meta":{"site-sidebar-layout":"","site-content-layout":"","ast-main-header-display":"","ast-hfb-above-header-display":"","ast-hfb-below-header-display":"","ast-hfb-mobile-header-display":"","site-post-title":"","ast-breadcrumbs-content":"","ast-featured-img":"","footer-sml-layout":"","theme-transparent-header-meta":"","adv-header-id-meta":"","stick-header-meta":"","header-above-stick-meta":"","header-main-stick-meta":"","header-below-stick-meta":""},"_links":{"self":[{"href":"https:\/\/samleminen.fi\/index.php?rest_route=\/wp\/v2\/pages\/13"}],"collection":[{"href":"https:\/\/samleminen.fi\/index.php?rest_route=\/wp\/v2\/pages"}],"about":[{"href":"https:\/\/samleminen.fi\/index.php?rest_route=\/wp\/v2\/types\/page"}],"author":[{"embeddable":true,"href":"https:\/\/samleminen.fi\/index.php?rest_route=\/wp\/v2\/users\/1"}],"replies":[{"embeddable":true,"href":"https:\/\/samleminen.fi\/index.php?rest_route=%2Fwp%2Fv2%2Fcomments&post=13"}],"version-history":[{"count":25,"href":"https:\/\/samleminen.fi\/index.php?rest_route=\/wp\/v2\/pages\/13\/revisions"}],"predecessor-version":[{"id":165,"href":"https:\/\/samleminen.fi\/index.php?rest_route=\/wp\/v2\/pages\/13\/revisions\/165"}],"wp:attachment":[{"href":"https:\/\/samleminen.fi\/index.php?rest_route=%2Fwp%2Fv2%2Fmedia&parent=13"}],"curies":[{"name":"wp","href":"https:\/\/api.w.org\/{rel}","templated":true}]}}