{"id":15,"date":"2014-01-09T22:06:54","date_gmt":"2014-01-09T22:06:54","guid":{"rendered":"http:\/\/samleminen.com\/?page_id=15"},"modified":"2014-01-21T11:20:22","modified_gmt":"2014-01-21T11:20:22","slug":"kotitaloudet","status":"publish","type":"page","link":"https:\/\/samleminen.fi\/?page_id=15","title":{"rendered":"Kotitaloudet"},"content":{"rendered":"<div class=\"csRow\">\n<div class=\"csColumn\" style=\"margin: 0px; padding: 0px; float: left; width: 49.5%;\" data-csid=\"402eb84f-7c29-e128-b085-c33909f5b548\" data-cswidth=\"49.5%\" data-csendpoint=\"475\" data-csstartpoint=\"0\">\n<p><img loading=\"lazy\" class=\"alignnone size-full wp-image-59\" alt=\"samleminen\" src=\"http:\/\/samleminen.com\/wp-content\/uploads\/2014\/01\/samleminen.jpg\" width=\"305\" height=\"245\" srcset=\"https:\/\/samleminen.fi\/wp-content\/uploads\/2014\/01\/samleminen.jpg 305w, https:\/\/samleminen.fi\/wp-content\/uploads\/2014\/01\/samleminen-300x241.jpg 300w, https:\/\/samleminen.fi\/wp-content\/uploads\/2014\/01\/samleminen-160x129.jpg 160w\" sizes=\"(max-width: 305px) 100vw, 305px\" \/><\/p>\n<h2>Kotitaloudet<\/h2>\n<p>Oletko aikeissa rakentaa tai remontoida? Meilt\u00e4 saat s\u00e4hk\u00f6suunnitelmat ja asennukset niin omakotitaloon kuin vapaa-ajan asuntoonkin. Nyt my\u00f6s ilmal\u00e4mp\u00f6pumput.<\/p>\n<\/div>\n<div class=\"csColumnGap\" style=\"margin: 0px; padding: 0px; float: left; width: 1.04%;\"><img alt=\"\" src=\"http:\/\/samleminen.com\/wp-content\/plugins\/advanced-wp-columns\/assets\/js\/plugins\/views\/img\/1x1-pixel.png\" \/><\/div>\n<div class=\"csColumn\" style=\"margin: 0px; padding: 0px; float: left; width: 49.5%;\" data-csid=\"bcad7ca2-914e-8241-941d-6e906d9bb01b\" data-cswidth=\"49.5%\" data-csendpoint=\"960\" data-csstartpoint=\"485\">\n<p><img loading=\"lazy\" class=\"alignnone size-full wp-image-60\" alt=\"kotitaloudet\" src=\"http:\/\/samleminen.com\/wp-content\/uploads\/2014\/01\/kotitaloudet.jpg\" width=\"427\" height=\"520\" srcset=\"https:\/\/samleminen.fi\/wp-content\/uploads\/2014\/01\/kotitaloudet.jpg 427w, https:\/\/samleminen.fi\/wp-content\/uploads\/2014\/01\/kotitaloudet-246x300.jpg 246w\" sizes=\"(max-width: 427px) 100vw, 427px\" \/><\/p>\n<\/div>\n<div style=\"clear: both; float: none; display: block; visibility: hidden; width: 0px; font-size: 0px; line-height: 0;\"><\/div>\n<\/div>\n<h2><\/h2>\n","protected":false},"excerpt":{"rendered":"<p>Kotitaloudet Oletko aikeissa rakentaa tai remontoida? Meilt\u00e4 saat s\u00e4hk\u00f6suunnitelmat ja asennukset niin omakotitaloon kuin vapaa-ajan asuntoonkin. Nyt my\u00f6s ilmal\u00e4mp\u00f6pumput.<\/p>\n","protected":false},"author":1,"featured_media":0,"parent":0,"menu_order":11,"comment_status":"closed","ping_status":"open","template":"sivu.php","meta":{"site-sidebar-layout":"","site-content-layout":"","ast-main-header-display":"","ast-hfb-above-header-display":"","ast-hfb-below-header-display":"","ast-hfb-mobile-header-display":"","site-post-title":"","ast-breadcrumbs-content":"","ast-featured-img":"","footer-sml-layout":"","theme-transparent-header-meta":"","adv-header-id-meta":"","stick-header-meta":"","header-above-stick-meta":"","header-main-stick-meta":"","header-below-stick-meta":""},"_links":{"self":[{"href":"https:\/\/samleminen.fi\/index.php?rest_route=\/wp\/v2\/pages\/15"}],"collection":[{"href":"https:\/\/samleminen.fi\/index.php?rest_route=\/wp\/v2\/pages"}],"about":[{"href":"https:\/\/samleminen.fi\/index.php?rest_route=\/wp\/v2\/types\/page"}],"author":[{"embeddable":true,"href":"https:\/\/samleminen.fi\/index.php?rest_route=\/wp\/v2\/users\/1"}],"replies":[{"embeddable":true,"href":"https:\/\/samleminen.fi\/index.php?rest_route=%2Fwp%2Fv2%2Fcomments&post=15"}],"version-history":[{"count":15,"href":"https:\/\/samleminen.fi\/index.php?rest_route=\/wp\/v2\/pages\/15\/revisions"}],"predecessor-version":[{"id":129,"href":"https:\/\/samleminen.fi\/index.php?rest_route=\/wp\/v2\/pages\/15\/revisions\/129"}],"wp:attachment":[{"href":"https:\/\/samleminen.fi\/index.php?rest_route=%2Fwp%2Fv2%2Fmedia&parent=15"}],"curies":[{"name":"wp","href":"https:\/\/api.w.org\/{rel}","templated":true}]}}