{"id":17,"date":"2014-01-09T22:07:04","date_gmt":"2014-01-09T22:07:04","guid":{"rendered":"http:\/\/samleminen.com\/?page_id=17"},"modified":"2020-11-23T08:22:50","modified_gmt":"2020-11-23T08:22:50","slug":"lampopumput","status":"publish","type":"page","link":"https:\/\/samleminen.fi\/?page_id=17","title":{"rendered":"L\u00e4mp\u00f6pumput"},"content":{"rendered":"<div class=\"csRow\">\n<div class=\"csColumn\" style=\"margin: 0px; padding: 0px; float: left; width: 49.5%;\" data-csid=\"88a826f7-7c11-3631-9414-d545be6671b3\" data-cswidth=\"49.5%\" data-csendpoint=\"475\" data-csstartpoint=\"0\">\n<p><img loading=\"lazy\" class=\"alignnone size-full wp-image-59\" alt=\"samleminen\" src=\"http:\/\/samleminen.com\/wp-content\/uploads\/2014\/01\/samleminen.jpg\" width=\"305\" height=\"245\" srcset=\"https:\/\/samleminen.fi\/wp-content\/uploads\/2014\/01\/samleminen.jpg 305w, https:\/\/samleminen.fi\/wp-content\/uploads\/2014\/01\/samleminen-300x241.jpg 300w, https:\/\/samleminen.fi\/wp-content\/uploads\/2014\/01\/samleminen-160x129.jpg 160w\" sizes=\"(max-width: 305px) 100vw, 305px\" \/><\/p>\n<h2>L\u00e4mp\u00f6pumput<\/h2>\n<p>Meilt\u00e4 saat ilmal\u00e4mp\u00f6pumput, tarvikkeet ja asennuksen. Kaikki tunnetuimmat merkit, olemmehan valmistajista riippumattomia.<\/p>\n<\/div>\n<div class=\"csColumnGap\" style=\"margin: 0px; padding: 0px; float: left; width: 1.04%;\"><img alt=\"\" src=\"http:\/\/samleminen.com\/wp-content\/plugins\/advanced-wp-columns\/assets\/js\/plugins\/views\/img\/1x1-pixel.png\" \/><\/div>\n<div class=\"csColumn\" style=\"margin: 0px; padding: 0px; float: left; width: 49.5%;\" data-csid=\"6bc2bbd0-ee88-035a-b597-24bf9d2fb93a\" data-cswidth=\"49.5%\" data-csendpoint=\"960\" data-csstartpoint=\"485\">\n<p><img loading=\"lazy\" class=\"alignnone size-full wp-image-61\" alt=\"lampopumput\" src=\"http:\/\/samleminen.com\/wp-content\/uploads\/2014\/01\/lampopumput.jpg\" width=\"427\" height=\"520\" srcset=\"https:\/\/samleminen.fi\/wp-content\/uploads\/2014\/01\/lampopumput.jpg 427w, https:\/\/samleminen.fi\/wp-content\/uploads\/2014\/01\/lampopumput-246x300.jpg 246w\" sizes=\"(max-width: 427px) 100vw, 427px\" \/><\/p>\n<\/div>\n<div style=\"clear: both; float: none; display: block; visibility: hidden; width: 0px; font-size: 0px; line-height: 0;\"><\/div>\n<\/div>\n<p>&nbsp;<\/p>\n","protected":false},"excerpt":{"rendered":"<p>L\u00e4mp\u00f6pumput Meilt\u00e4 saat ilmal\u00e4mp\u00f6pumput, tarvikkeet ja asennuksen. Kaikki tunnetuimmat merkit, olemmehan valmistajista riippumattomia. &nbsp;<\/p>\n","protected":false},"author":1,"featured_media":0,"parent":0,"menu_order":12,"comment_status":"closed","ping_status":"open","template":"sivu.php","meta":{"site-sidebar-layout":"","site-content-layout":"","ast-main-header-display":"","ast-hfb-above-header-display":"","ast-hfb-below-header-display":"","ast-hfb-mobile-header-display":"","site-post-title":"","ast-breadcrumbs-content":"","ast-featured-img":"","footer-sml-layout":"","theme-transparent-header-meta":"","adv-header-id-meta":"","stick-header-meta":"","header-above-stick-meta":"","header-main-stick-meta":"","header-below-stick-meta":""},"_links":{"self":[{"href":"https:\/\/samleminen.fi\/index.php?rest_route=\/wp\/v2\/pages\/17"}],"collection":[{"href":"https:\/\/samleminen.fi\/index.php?rest_route=\/wp\/v2\/pages"}],"about":[{"href":"https:\/\/samleminen.fi\/index.php?rest_route=\/wp\/v2\/types\/page"}],"author":[{"embeddable":true,"href":"https:\/\/samleminen.fi\/index.php?rest_route=\/wp\/v2\/users\/1"}],"replies":[{"embeddable":true,"href":"https:\/\/samleminen.fi\/index.php?rest_route=%2Fwp%2Fv2%2Fcomments&post=17"}],"version-history":[{"count":12,"href":"https:\/\/samleminen.fi\/index.php?rest_route=\/wp\/v2\/pages\/17\/revisions"}],"predecessor-version":[{"id":167,"href":"https:\/\/samleminen.fi\/index.php?rest_route=\/wp\/v2\/pages\/17\/revisions\/167"}],"wp:attachment":[{"href":"https:\/\/samleminen.fi\/index.php?rest_route=%2Fwp%2Fv2%2Fmedia&parent=17"}],"curies":[{"name":"wp","href":"https:\/\/api.w.org\/{rel}","templated":true}]}}