{"id":19,"date":"2014-01-09T22:07:18","date_gmt":"2014-01-09T22:07:18","guid":{"rendered":"http:\/\/samleminen.com\/?page_id=19"},"modified":"2021-12-18T14:59:58","modified_gmt":"2021-12-18T14:59:58","slug":"yhteystiedot","status":"publish","type":"page","link":"https:\/\/samleminen.fi\/?page_id=19","title":{"rendered":"Yhteystiedot"},"content":{"rendered":"\n<figure class=\"wp-block-image size-full\"><a href=\"https:\/\/samleminen.fi\/wp-content\/uploads\/2014\/01\/slider-asentajat-lautalla.jpg\"><img loading=\"lazy\" width=\"960\" height=\"460\" src=\"https:\/\/samleminen.fi\/wp-content\/uploads\/2014\/01\/slider-asentajat-lautalla.jpg\" alt=\"\" class=\"wp-image-76\" srcset=\"https:\/\/samleminen.fi\/wp-content\/uploads\/2014\/01\/slider-asentajat-lautalla.jpg 960w, https:\/\/samleminen.fi\/wp-content\/uploads\/2014\/01\/slider-asentajat-lautalla-300x143.jpg 300w\" sizes=\"(max-width: 960px) 100vw, 960px\" \/><\/a><\/figure>\n\n\n<h2>Yhteystiedot<\/h2>\n<div class=\"contactswrapper clearfix\">\n<div style=\"width 46%; padding: 0 4% 4% 0; float: left;\">Aki M\u00e4enp\u00e4\u00e4<br>+358407653200<br>aki.maenpaa(at)samleminen.fi<\/div>\n<div>Marko Leminen<br>+358407060143<br>marko.leminen(at)samleminen.fi<\/div>\n<div style=\"text-align: left;\">&nbsp;<\/div>\n<div class=\"csRow\">\n<div class=\"csColumn\" style=\"margin: 0px; padding: 0px; float: left; width: 100%;\" data-cswidth=\"100%\" data-csendpoint=\"670\" data-csstartpoint=\"0\">\n<h2>E-laskutus<\/h2>\n<p>Olemme ottaneet k\u00e4ytt\u00f6\u00f6mme Finvoice -laskutuksen.<\/p>\n<p>E-laskun vastaanotto-osoite ja v\u00e4litt\u00e4j\u00e4tunnus:<\/p>\n<p>Nordea<br>FI04 1107 3000 6848 31<br>NDEAFIHH<\/p>\n<p>Mik\u00e4li ette pysty l\u00e4hett\u00e4m\u00e4\u00e4n s\u00e4hk\u00f6ist\u00e4 laskua, k\u00e4ytt\u00e4k\u00e4\u00e4 paperilaskuille seuraavaa osoitetta:<\/p>\n<p>S\u00e4hk\u00f6asennus M\u00e4enp\u00e4\u00e4 &amp; Leminen Oy<br>PL 169<br>90401 OULU<\/p>\n<\/div>\n<\/div>\n<\/div>","protected":false},"excerpt":{"rendered":"<p>Yhteystiedot Aki M\u00e4enp\u00e4\u00e4+358407653200aki.maenpaa(at)samleminen.fi Marko Leminen+358407060143marko.leminen(at)samleminen.fi &nbsp; E-laskutus Olemme ottaneet k\u00e4ytt\u00f6\u00f6mme Finvoice -laskutuksen. E-laskun vastaanotto-osoite ja v\u00e4litt\u00e4j\u00e4tunnus: NordeaFI04 1107 3000 6848 31NDEAFIHH Mik\u00e4li ette pysty l\u00e4hett\u00e4m\u00e4\u00e4n s\u00e4hk\u00f6ist\u00e4 laskua, k\u00e4ytt\u00e4k\u00e4\u00e4 paperilaskuille seuraavaa osoitetta: S\u00e4hk\u00f6asennus M\u00e4enp\u00e4\u00e4 &amp; Leminen OyPL 16990401 OULU<\/p>\n","protected":false},"author":1,"featured_media":0,"parent":0,"menu_order":13,"comment_status":"closed","ping_status":"open","template":"","meta":{"site-sidebar-layout":"","site-content-layout":"","ast-main-header-display":"","ast-hfb-above-header-display":"","ast-hfb-below-header-display":"","ast-hfb-mobile-header-display":"","site-post-title":"","ast-breadcrumbs-content":"","ast-featured-img":"","footer-sml-layout":"","theme-transparent-header-meta":"","adv-header-id-meta":"","stick-header-meta":"","header-above-stick-meta":"","header-main-stick-meta":"","header-below-stick-meta":""},"_links":{"self":[{"href":"https:\/\/samleminen.fi\/index.php?rest_route=\/wp\/v2\/pages\/19"}],"collection":[{"href":"https:\/\/samleminen.fi\/index.php?rest_route=\/wp\/v2\/pages"}],"about":[{"href":"https:\/\/samleminen.fi\/index.php?rest_route=\/wp\/v2\/types\/page"}],"author":[{"embeddable":true,"href":"https:\/\/samleminen.fi\/index.php?rest_route=\/wp\/v2\/users\/1"}],"replies":[{"embeddable":true,"href":"https:\/\/samleminen.fi\/index.php?rest_route=%2Fwp%2Fv2%2Fcomments&post=19"}],"version-history":[{"count":43,"href":"https:\/\/samleminen.fi\/index.php?rest_route=\/wp\/v2\/pages\/19\/revisions"}],"predecessor-version":[{"id":235,"href":"https:\/\/samleminen.fi\/index.php?rest_route=\/wp\/v2\/pages\/19\/revisions\/235"}],"wp:attachment":[{"href":"https:\/\/samleminen.fi\/index.php?rest_route=%2Fwp%2Fv2%2Fmedia&parent=19"}],"curies":[{"name":"wp","href":"https:\/\/api.w.org\/{rel}","templated":true}]}}