{"id":5,"date":"2014-01-09T20:10:31","date_gmt":"2014-01-09T20:10:31","guid":{"rendered":"http:\/\/samleminen.com\/?page_id=5"},"modified":"2021-12-18T15:08:17","modified_gmt":"2021-12-18T15:08:17","slug":"etusivu","status":"publish","type":"page","link":"https:\/\/samleminen.fi\/","title":{"rendered":"Etusivu"},"content":{"rendered":"\n<figure class=\"wp-block-image size-full\"><a href=\"https:\/\/samleminen.fi\/wp-content\/uploads\/2014\/01\/slider-asentajat-korissa.jpg\"><img loading=\"lazy\" width=\"960\" height=\"460\" src=\"https:\/\/samleminen.fi\/wp-content\/uploads\/2014\/01\/slider-asentajat-korissa.jpg\" alt=\"\" class=\"wp-image-75\" srcset=\"https:\/\/samleminen.fi\/wp-content\/uploads\/2014\/01\/slider-asentajat-korissa.jpg 960w, https:\/\/samleminen.fi\/wp-content\/uploads\/2014\/01\/slider-asentajat-korissa-300x143.jpg 300w\" sizes=\"(max-width: 960px) 100vw, 960px\" \/><\/a><\/figure>\n\n\n<div class=\"csRow\">\n<div class=\"csColumn\" style=\"margin: 0px; padding: 0px; float: left; width: 66.7%;\" data-csid=\"c66c58d7-eb95-1218-9886-b231853a5807\" data-cswidth=\"66.7%\" data-csendpoint=\"640\" data-csstartpoint=\"0\">\n<h1>SAM Leminen<\/h1>\n<p>S\u00e4hk\u00f6asennus M\u00e4enp\u00e4\u00e4 &amp; Leminen on luotettava kumppani kaikissa s\u00e4hk\u00f6istykseen liittyviss\u00e4 hankkeissa. Toimipaikkamme on Ii. Sen lis\u00e4ksi toimimme etup\u00e4\u00e4ss\u00e4 Oulun seudulla sek\u00e4 Kemi- Tornio- alueella. Olemme keskittyneet teollisuus-, omakoti-,\u00a0 ja saneeraus kohteisiin. Perehdymme kanssanne perinpohjaisesti hankkeeseenne, suunnittelemme ja toteutamme sen luotettavasti alusta loppuun asti.<\/p>\n<\/div>\n<div class=\"csColumnGap\" style=\"margin: 0px; padding: 0px; float: left; width: 2.08%;\"><img src=\"http:\/\/samleminen.com\/wp-content\/plugins\/advanced-wp-columns\/assets\/js\/plugins\/views\/img\/1x1-pixel.png\" alt=\"\" \/><\/div>\n<div class=\"csColumn\" style=\"margin: 0px; padding: 0px; float: left; width: 31.3%; text-align: center;\" data-csid=\"45451363-87f4-c3d3-8cff-92e051aba9c8\" data-cswidth=\"31.3%\" data-csendpoint=\"960\" data-csstartpoint=\"660\">\n<p><span style=\"color: #000000;\"><a style=\"color: #000000;\" title=\"Yhteystiedot\" href=\"http:\/\/samleminen.fi\/?page_id=19\"><span style=\"color: #0000ff;\">Ota yhteytt\u00e4\u00a0&gt;<\/span><\/a><\/span><\/p>\n<\/div>\n<\/div>\n\n\n<p><\/p>\n","protected":false},"excerpt":{"rendered":"<p>SAM Leminen S\u00e4hk\u00f6asennus M\u00e4enp\u00e4\u00e4 &amp; Leminen on luotettava kumppani kaikissa s\u00e4hk\u00f6istykseen liittyviss\u00e4 hankkeissa. Toimipaikkamme on Ii. Sen lis\u00e4ksi toimimme etup\u00e4\u00e4ss\u00e4 Oulun seudulla sek\u00e4 Kemi- Tornio- alueella. Olemme keskittyneet teollisuus-, omakoti-,\u00a0 ja saneeraus kohteisiin. Perehdymme kanssanne perinpohjaisesti hankkeeseenne, suunnittelemme ja toteutamme sen luotettavasti alusta loppuun asti. Ota yhteytt\u00e4\u00a0&gt;<\/p>\n","protected":false},"author":1,"featured_media":0,"parent":0,"menu_order":0,"comment_status":"closed","ping_status":"open","template":"","meta":{"site-sidebar-layout":"","site-content-layout":"","ast-main-header-display":"","ast-hfb-above-header-display":"","ast-hfb-below-header-display":"","ast-hfb-mobile-header-display":"","site-post-title":"","ast-breadcrumbs-content":"","ast-featured-img":"","footer-sml-layout":"","theme-transparent-header-meta":"","adv-header-id-meta":"","stick-header-meta":"","header-above-stick-meta":"","header-main-stick-meta":"","header-below-stick-meta":""},"_links":{"self":[{"href":"https:\/\/samleminen.fi\/index.php?rest_route=\/wp\/v2\/pages\/5"}],"collection":[{"href":"https:\/\/samleminen.fi\/index.php?rest_route=\/wp\/v2\/pages"}],"about":[{"href":"https:\/\/samleminen.fi\/index.php?rest_route=\/wp\/v2\/types\/page"}],"author":[{"embeddable":true,"href":"https:\/\/samleminen.fi\/index.php?rest_route=\/wp\/v2\/users\/1"}],"replies":[{"embeddable":true,"href":"https:\/\/samleminen.fi\/index.php?rest_route=%2Fwp%2Fv2%2Fcomments&post=5"}],"version-history":[{"count":31,"href":"https:\/\/samleminen.fi\/index.php?rest_route=\/wp\/v2\/pages\/5\/revisions"}],"predecessor-version":[{"id":240,"href":"https:\/\/samleminen.fi\/index.php?rest_route=\/wp\/v2\/pages\/5\/revisions\/240"}],"wp:attachment":[{"href":"https:\/\/samleminen.fi\/index.php?rest_route=%2Fwp%2Fv2%2Fmedia&parent=5"}],"curies":[{"name":"wp","href":"https:\/\/api.w.org\/{rel}","templated":true}]}}